{"id":7,"date":"2018-04-09T18:25:13","date_gmt":"2018-04-09T15:25:13","guid":{"rendered":"http:\/\/rugement.ee\/ilmandu\/?page_id=7"},"modified":"2018-05-09T18:04:59","modified_gmt":"2018-05-09T15:04:59","slug":"esileht","status":"publish","type":"page","link":"https:\/\/www.ilmandu.ee\/","title":{"rendered":"Esileht"},"content":{"rendered":"<p><img loading=\"lazy\" decoding=\"async\" class=\"alignnone size-full wp-image-30\" src=\"http:\/\/www.ilmandu.ee\/wp-content\/uploads\/2018\/04\/Saunaseiklus_Ilmandus.jpg\" alt=\"\" width=\"1000\" height=\"562\" srcset=\"https:\/\/www.ilmandu.ee\/wp-content\/uploads\/2018\/04\/Saunaseiklus_Ilmandus.jpg 1000w, https:\/\/www.ilmandu.ee\/wp-content\/uploads\/2018\/04\/Saunaseiklus_Ilmandus-300x169.jpg 300w, https:\/\/www.ilmandu.ee\/wp-content\/uploads\/2018\/04\/Saunaseiklus_Ilmandus-768x432.jpg 768w\" sizes=\"auto, (max-width: 709px) 85vw, (max-width: 909px) 67vw, (max-width: 1362px) 62vw, 840px\" \/><\/p>\n<p><span style=\"color: #ff0000;\"><strong>REGISTREERIMINE ON L\u00d5PPENUD!<\/strong><\/span><\/p>\n<p>Suurep\u00e4raste auhindadega on toetamas omakandi \u00d5llev\u00f5lur. Mis saab olla parim saunajook kui Muraste Murdja?<\/p>\n<p>Ilmandu avatud saunade <a href=\"http:\/\/www.ilmandu.ee\/?page_id=47\">P\u00e4evakava<\/a> ja <a href=\"http:\/\/www.ilmandu.ee\/?page_id=50\">Reeglid<\/a><\/p>\n","protected":false},"excerpt":{"rendered":"<p>REGISTREERIMINE ON L\u00d5PPENUD! Suurep\u00e4raste auhindadega on toetamas omakandi \u00d5llev\u00f5lur. Mis saab olla parim saunajook kui Muraste Murdja? Ilmandu avatud saunade P\u00e4evakava ja Reeglid<\/p>\n","protected":false},"author":1,"featured_media":0,"parent":0,"menu_order":0,"comment_status":"closed","ping_status":"closed","template":"","meta":{"footnotes":""},"class_list":["post-7","page","type-page","status-publish","hentry"],"_links":{"self":[{"href":"https:\/\/www.ilmandu.ee\/index.php?rest_route=\/wp\/v2\/pages\/7","targetHints":{"allow":["GET"]}}],"collection":[{"href":"https:\/\/www.ilmandu.ee\/index.php?rest_route=\/wp\/v2\/pages"}],"about":[{"href":"https:\/\/www.ilmandu.ee\/index.php?rest_route=\/wp\/v2\/types\/page"}],"author":[{"embeddable":true,"href":"https:\/\/www.ilmandu.ee\/index.php?rest_route=\/wp\/v2\/users\/1"}],"replies":[{"embeddable":true,"href":"https:\/\/www.ilmandu.ee\/index.php?rest_route=%2Fwp%2Fv2%2Fcomments&post=7"}],"version-history":[{"count":5,"href":"https:\/\/www.ilmandu.ee\/index.php?rest_route=\/wp\/v2\/pages\/7\/revisions"}],"predecessor-version":[{"id":66,"href":"https:\/\/www.ilmandu.ee\/index.php?rest_route=\/wp\/v2\/pages\/7\/revisions\/66"}],"wp:attachment":[{"href":"https:\/\/www.ilmandu.ee\/index.php?rest_route=%2Fwp%2Fv2%2Fmedia&parent=7"}],"curies":[{"name":"wp","href":"https:\/\/api.w.org\/{rel}","templated":true}]}}