{"id":47,"date":"2018-04-10T18:40:46","date_gmt":"2018-04-10T15:40:46","guid":{"rendered":"http:\/\/www.ilmandu.ee\/?page_id=47"},"modified":"2018-04-10T18:56:06","modified_gmt":"2018-04-10T15:56:06","slug":"paevakava","status":"publish","type":"page","link":"http:\/\/www.ilmandu.ee\/?page_id=47","title":{"rendered":"P\u00e4evakava"},"content":{"rendered":"<p><strong>Ilmandu\/Murandu avatud saunade p\u00e4ev 2018<\/strong><\/p>\n<p><strong>Eesm\u00e4rk<\/strong><\/p>\n<p>Tutvuda kohaliku saunakultuuriga, v\u00f5tta leili ning selgitada v\u00e4lja parim Ilmandu saun 2018 ja parim saunaseltskond.<\/p>\n<p><strong>Aeg<\/strong><\/p>\n<p>12.05.2018 11:30-23:59<\/p>\n<p><strong>Algus- ja l\u00f5ppkoht<\/strong><\/p>\n<p>Ilmandu k\u00fcla, Paemurru-Palsi talu. Kohapeal olemas parkimisv\u00f5imalus. Viidad alates Tuule tee ja Tallinn-Klooga maantee ristmikust.<\/p>\n<p><strong>P\u00e4evakava<\/strong><\/p>\n<p>11:30-12:00 \u00a0\u00a0\u00a0\u00a0\u00a0 Kogunemine<\/p>\n<p>12:00 \u00a0\u00a0\u00a0\u00a0\u00a0\u00a0\u00a0\u00a0\u00a0\u00a0\u00a0\u00a0\u00a0\u00a0\u00a0\u00a0\u00a0\u00a0 Start<\/p>\n<p>12:00-17:45\u00a0\u00a0\u00a0\u00a0\u00a0\u00a0\u00a0 Saunakultuuri viljelemine<\/p>\n<p>17:45-18:00\u00a0\u00a0\u00a0\u00a0\u00a0\u00a0\u00a0 Kogunemine l\u00f5pp-punktis<\/p>\n<p>18:00-18:30\u00a0\u00a0\u00a0\u00a0\u00a0\u00a0\u00a0 Parimate v\u00e4ljaselgitamine<\/p>\n<p>18:30-23:59\u00a0\u00a0\u00a0\u00a0\u00a0\u00a0\u00a0 Saunakultuuri viljelemine j\u00e4tkub kohapeal mobiilsetes saunades<\/p>\n<p><strong>Saunaseltskond<\/strong><\/p>\n<p>Kuni 4 liikmeline, v\u00e4hemalt \u00fcks vastassoost saunaline. Lapsed on teretulnud 4 liikme hulgas, koolieelikuid ei arvestata seltskonna suuruse sisse.<\/p>\n<p><strong>Registreerimine<\/strong><\/p>\n<p>Aadressil <a href=\"http:\/\/www.ilmandu.ee\">www.ilmandu.ee<\/a>. Osalejad registreeritakse p\u00f5him\u00f5ttel first come\/first served. Maksimaalse osalejate arvu t\u00e4itumisel veebivorm suletakse.<\/p>\n<p><strong>Osalustasu<\/strong><\/p>\n<p>20 eurot saunaseltskonna kohta. Tasumine arve alusel. Osalemine tasuta saunaga osaleva perekonna\/omaniku seltskonnale.<\/p>\n","protected":false},"excerpt":{"rendered":"<p>Ilmandu\/Murandu avatud saunade p\u00e4ev 2018 Eesm\u00e4rk Tutvuda kohaliku saunakultuuriga, v\u00f5tta leili ning selgitada v\u00e4lja parim Ilmandu saun 2018 ja parim saunaseltskond. Aeg 12.05.2018 11:30-23:59 Algus- ja l\u00f5ppkoht Ilmandu k\u00fcla, Paemurru-Palsi talu. Kohapeal olemas parkimisv\u00f5imalus. Viidad alates Tuule tee ja Tallinn-Klooga maantee ristmikust. P\u00e4evakava 11:30-12:00 \u00a0\u00a0\u00a0\u00a0\u00a0 Kogunemine 12:00 \u00a0\u00a0\u00a0\u00a0\u00a0\u00a0\u00a0\u00a0\u00a0\u00a0\u00a0\u00a0\u00a0\u00a0\u00a0\u00a0\u00a0\u00a0 Start 12:00-17:45\u00a0\u00a0\u00a0\u00a0\u00a0\u00a0\u00a0 Saunakultuuri viljelemine 17:45-18:00\u00a0\u00a0\u00a0\u00a0\u00a0\u00a0\u00a0 Kogunemine l\u00f5pp-punktis &hellip; <a href=\"http:\/\/www.ilmandu.ee\/?page_id=47\" class=\"more-link\">Loe edasi<span class=\"screen-reader-text\"> &#8220;P\u00e4evakava&#8221;<\/span><\/a><\/p>\n","protected":false},"author":1,"featured_media":0,"parent":0,"menu_order":0,"comment_status":"closed","ping_status":"closed","template":"","meta":{"footnotes":""},"class_list":["post-47","page","type-page","status-publish","hentry"],"_links":{"self":[{"href":"http:\/\/www.ilmandu.ee\/index.php?rest_route=\/wp\/v2\/pages\/47","targetHints":{"allow":["GET"]}}],"collection":[{"href":"http:\/\/www.ilmandu.ee\/index.php?rest_route=\/wp\/v2\/pages"}],"about":[{"href":"http:\/\/www.ilmandu.ee\/index.php?rest_route=\/wp\/v2\/types\/page"}],"author":[{"embeddable":true,"href":"http:\/\/www.ilmandu.ee\/index.php?rest_route=\/wp\/v2\/users\/1"}],"replies":[{"embeddable":true,"href":"http:\/\/www.ilmandu.ee\/index.php?rest_route=%2Fwp%2Fv2%2Fcomments&post=47"}],"version-history":[{"count":3,"href":"http:\/\/www.ilmandu.ee\/index.php?rest_route=\/wp\/v2\/pages\/47\/revisions"}],"predecessor-version":[{"id":58,"href":"http:\/\/www.ilmandu.ee\/index.php?rest_route=\/wp\/v2\/pages\/47\/revisions\/58"}],"wp:attachment":[{"href":"http:\/\/www.ilmandu.ee\/index.php?rest_route=%2Fwp%2Fv2%2Fmedia&parent=47"}],"curies":[{"name":"wp","href":"https:\/\/api.w.org\/{rel}","templated":true}]}}